{"id":40000,"date":"2024-06-13T15:03:50","date_gmt":"2024-06-13T13:03:50","guid":{"rendered":"https:\/\/www.dutchplantin.com\/?page_id=40000"},"modified":"2024-06-13T15:03:50","modified_gmt":"2024-06-13T13:03:50","slug":"sitemap","status":"publish","type":"page","link":"https:\/\/www.dutchplantin.com\/tr\/sitemap\/","title":{"rendered":"Sitemap"},"content":{"rendered":"<div class=\"wsp-container\"><h2 class=\"wsp-pages-title\">Pages<\/h2>\n<ul class=\"wsp-pages-list\">\n<li class=\"page_item page-item-39733\"><a href=\"https:\/\/www.dutchplantin.com\/tr\/coco-coir\/\">Coco Coir<\/a><\/li>\n<li class=\"page_item page-item-37956\"><a href=\"https:\/\/www.dutchplantin.com\/tr\/iletisim\/\">Contact<\/a><\/li>\n<li class=\"page_item page-item-38752\"><a href=\"https:\/\/www.dutchplantin.com\/tr\/daha-iyi-bir-dunya-icin-calismak\/\">Daha iyi bir d\u00fcnya i\u00e7in \u00e7al\u0131\u015fmak<\/a><\/li>\n<li class=\"page_item page-item-37997\"><a href=\"https:\/\/www.dutchplantin.com\/tr\/goruntuleyin\/\">G\u00f6r\u00fcnt\u00fcleyin<\/a><\/li>\n<li class=\"page_item page-item-36423\"><a href=\"https:\/\/www.dutchplantin.com\/tr\/haber\/\">Haberler<\/a><\/li>\n<li class=\"page_item page-item-38158 page_item_has_children\"><a href=\"https:\/\/www.dutchplantin.com\/tr\/hakkimizda\/\">Hakk\u0131m\u0131zda<\/a>\n<ul class='children'>\n\t<li class=\"page_item page-item-38182\"><a href=\"https:\/\/www.dutchplantin.com\/tr\/hakkimizda\/buyumekte-yenilikciler\/\">B\u00fcy\u00fcmekte yenilik\u00e7iler<\/a><\/li>\n\t<li class=\"page_item page-item-38206\"><a href=\"https:\/\/www.dutchplantin.com\/tr\/hakkimizda\/hayata-yatirimcilar\/\">Hayata yat\u0131r\u0131mc\u0131lar<\/a><\/li>\n\t<li class=\"page_item page-item-40416\"><a href=\"https:\/\/www.dutchplantin.com\/tr\/hakkimizda\/hikayemiz\/\">Hikayemiz<\/a><\/li>\n\t<li class=\"page_item page-item-38379\"><a href=\"https:\/\/www.dutchplantin.com\/tr\/hakkimizda\/hikayemiz-old\/\">Hikayemiz (old)<\/a><\/li>\n\t<li class=\"page_item page-item-38715\"><a href=\"https:\/\/www.dutchplantin.com\/tr\/hakkimizda\/hindistan-cevizi-substratlariyla-baslamak\/\">Hindistan cevizi substratlar\u0131yla ba\u015flamak<\/a><\/li>\n\t<li class=\"page_item page-item-38427\"><a href=\"https:\/\/www.dutchplantin.com\/tr\/hakkimizda\/hindistan-cevizinden-hammaddeye\/\">Hindistan cevizinden hammaddeye<\/a><\/li>\n\t<li class=\"page_item page-item-38405\"><a href=\"https:\/\/www.dutchplantin.com\/tr\/hakkimizda\/kalite-ve-sertifikasyon\/\">Kalite ve sertifikasyon<\/a><\/li>\n\t<li class=\"page_item page-item-38694\"><a href=\"https:\/\/www.dutchplantin.com\/tr\/hakkimizda\/uretim-sureci\/\">\u00fcretim s\u00fcreci<\/a><\/li>\n<\/ul>\n<\/li>\n<li class=\"page_item page-item-40786\"><a href=\"https:\/\/www.dutchplantin.com\/tr\/hindistan-cevizi-panelleri-ve-briketleri\/\">Hindistan Cevizi Panelleri ve Briketleri<\/a><\/li>\n<li class=\"page_item page-item-37868\"><a href=\"https:\/\/www.dutchplantin.com\/tr\/\">Home<\/a><\/li>\n<li class=\"page_item page-item-40143\"><a href=\"https:\/\/www.dutchplantin.com\/tr\/kokospotgrond\/\">Kokospotgrond<\/a><\/li>\n<li class=\"page_item page-item-38041 page_item_has_children\"><a href=\"https:\/\/www.dutchplantin.com\/tr\/musteriler\/\">Musteriler<\/a>\n<ul class='children'>\n\t<li class=\"page_item page-item-38134\"><a href=\"https:\/\/www.dutchplantin.com\/tr\/musteriler\/bitki-yetistirme-sirketleri\/\">Bitki yeti\u015ftirme \u015firketleri<\/a><\/li>\n\t<li class=\"page_item page-item-38086\"><a href=\"https:\/\/www.dutchplantin.com\/tr\/musteriler\/dagitim-ortaklari\/\">Dagitim ortaklari<\/a><\/li>\n\t<li class=\"page_item page-item-38110\"><a href=\"https:\/\/www.dutchplantin.com\/tr\/musteriler\/saksi-topragi-sirketleri\/\">Saksi topragi sirketleri<\/a><\/li>\n<\/ul>\n<\/li>\n<li class=\"page_item page-item-37976\"><a href=\"https:\/\/www.dutchplantin.com\/tr\/red-beyan\/\">Red beyan?<\/a><\/li>\n<li class=\"page_item page-item-40000\"><a href=\"https:\/\/www.dutchplantin.com\/tr\/sitemap\/\">Sitemap<\/a><\/li>\n<li class=\"page_item page-item-37892\"><a href=\"https:\/\/www.dutchplantin.com\/tr\/sss\/\">SSS<\/a><\/li>\n<li class=\"page_item page-item-38621 page_item_has_children\"><a href=\"https:\/\/www.dutchplantin.com\/tr\/urunler\/\">Urunler<\/a>\n<ul class='children'>\n\t<li class=\"page_item page-item-38646\"><a href=\"https:\/\/www.dutchplantin.com\/tr\/urunler\/bloklar-ve-briketler\/\">Bloklar ve briketler<\/a><\/li>\n\t<li class=\"page_item page-item-38670\"><a href=\"https:\/\/www.dutchplantin.com\/tr\/urunler\/yetistirme-torbalari\/\">Yeti\u015ftirme torbalar\u0131<\/a><\/li>\n<\/ul>\n<\/li>\n<li class=\"page_item page-item-38451 page_item_has_children\"><a href=\"https:\/\/www.dutchplantin.com\/tr\/uygulamalar\/\">Uygulamalar<\/a>\n<ul class='children'>\n\t<li class=\"page_item page-item-38525\"><a href=\"https:\/\/www.dutchplantin.com\/tr\/uygulamalar\/bitkiler\/\">Bitkiler<\/a><\/li>\n\t<li class=\"page_item page-item-38475\"><a href=\"https:\/\/www.dutchplantin.com\/tr\/uygulamalar\/cicekler\/\">\u00c7i\u00e7ekler<\/a><\/li>\n\t<li class=\"page_item page-item-38500\"><a href=\"https:\/\/www.dutchplantin.com\/tr\/uygulamalar\/sebze\/\">Sebze<\/a><\/li>\n\t<li class=\"page_item page-item-38549\"><a href=\"https:\/\/www.dutchplantin.com\/tr\/uygulamalar\/yumusak-meyve\/\">Yumu\u015fak meyve<\/a><\/li>\n<\/ul>\n<\/li>\n<\/ul>\n<\/div>\n","protected":false},"excerpt":{"rendered":"Pages Coco Coir Contact Daha iyi bir d\u00fcnya i\u00e7in \u00e7al\u0131\u015fmak G\u00f6r\u00fcnt\u00fcleyin Haberler Hakk\u0131m\u0131zda B\u00fcy\u00fcmekte yenilik\u00e7iler Hayata yat\u0131r\u0131mc\u0131lar Hikayemiz Hikayemiz (old) Hindistan cevizi substratlar\u0131yla ba\u015flamak Hindistan cevizinden hammaddeye Kalite ve sertifikasyon...","protected":false},"author":1,"featured_media":0,"parent":0,"menu_order":0,"comment_status":"closed","ping_status":"closed","template":"","meta":{"footnotes":""},"class_list":["post-40000","page","type-page","status-publish"],"yoast_head":"<!-- This site is optimized with the Yoast SEO plugin v27.5 - https:\/\/yoast.com\/product\/yoast-seo-wordpress\/ -->\n<title>Sitemap - Dutch Plantin<\/title>\n<meta name=\"robots\" content=\"index, follow, max-snippet:-1, max-image-preview:large, max-video-preview:-1\" \/>\n<link rel=\"canonical\" href=\"https:\/\/www.dutchplantin.com\/tr\/sitemap\/\" \/>\n<meta property=\"og:locale\" content=\"tr_TR\" \/>\n<meta property=\"og:type\" content=\"article\" \/>\n<meta property=\"og:title\" content=\"Sitemap - Dutch Plantin\" \/>\n<meta property=\"og:url\" content=\"https:\/\/www.dutchplantin.com\/tr\/sitemap\/\" \/>\n<meta property=\"og:site_name\" content=\"Dutch Plantin\" \/>\n<meta name=\"twitter:card\" content=\"summary_large_image\" \/>\n<script type=\"application\/ld+json\" class=\"yoast-schema-graph\">{\"@context\":\"https:\\\/\\\/schema.org\",\"@graph\":[{\"@type\":\"WebPage\",\"@id\":\"https:\\\/\\\/www.dutchplantin.com\\\/tr\\\/sitemap\\\/\",\"url\":\"https:\\\/\\\/www.dutchplantin.com\\\/tr\\\/sitemap\\\/\",\"name\":\"Sitemap - Dutch Plantin\",\"isPartOf\":{\"@id\":\"https:\\\/\\\/www.dutchplantin.com\\\/tr\\\/#website\"},\"datePublished\":\"2024-06-13T13:03:50+00:00\",\"breadcrumb\":{\"@id\":\"https:\\\/\\\/www.dutchplantin.com\\\/tr\\\/sitemap\\\/#breadcrumb\"},\"inLanguage\":\"tr\",\"potentialAction\":[{\"@type\":\"ReadAction\",\"target\":[\"https:\\\/\\\/www.dutchplantin.com\\\/tr\\\/sitemap\\\/\"]}]},{\"@type\":\"BreadcrumbList\",\"@id\":\"https:\\\/\\\/www.dutchplantin.com\\\/tr\\\/sitemap\\\/#breadcrumb\",\"itemListElement\":[{\"@type\":\"ListItem\",\"position\":1,\"name\":\"Home\",\"item\":\"https:\\\/\\\/www.dutchplantin.com\\\/tr\\\/\"},{\"@type\":\"ListItem\",\"position\":2,\"name\":\"Sitemap\"}]},{\"@type\":\"WebSite\",\"@id\":\"https:\\\/\\\/www.dutchplantin.com\\\/tr\\\/#website\",\"url\":\"https:\\\/\\\/www.dutchplantin.com\\\/tr\\\/\",\"name\":\"Dutch Plantin\",\"description\":\"\",\"publisher\":{\"@id\":\"https:\\\/\\\/www.dutchplantin.com\\\/tr\\\/#organization\"},\"potentialAction\":[{\"@type\":\"SearchAction\",\"target\":{\"@type\":\"EntryPoint\",\"urlTemplate\":\"https:\\\/\\\/www.dutchplantin.com\\\/tr\\\/?s={search_term_string}\"},\"query-input\":{\"@type\":\"PropertyValueSpecification\",\"valueRequired\":true,\"valueName\":\"search_term_string\"}}],\"inLanguage\":\"tr\"},{\"@type\":\"Organization\",\"@id\":\"https:\\\/\\\/www.dutchplantin.com\\\/tr\\\/#organization\",\"name\":\"DutchPlantin B.V.\",\"url\":\"https:\\\/\\\/www.dutchplantin.com\\\/tr\\\/\",\"logo\":{\"@type\":\"ImageObject\",\"inLanguage\":\"tr\",\"@id\":\"https:\\\/\\\/www.dutchplantin.com\\\/tr\\\/#\\\/schema\\\/logo\\\/image\\\/\",\"url\":\"https:\\\/\\\/www.dutchplantin.com\\\/wp-content\\\/uploads\\\/2022\\\/02\\\/logo-2x.png\",\"contentUrl\":\"https:\\\/\\\/www.dutchplantin.com\\\/wp-content\\\/uploads\\\/2022\\\/02\\\/logo-2x.png\",\"width\":750,\"height\":275,\"caption\":\"DutchPlantin B.V.\"},\"image\":{\"@id\":\"https:\\\/\\\/www.dutchplantin.com\\\/tr\\\/#\\\/schema\\\/logo\\\/image\\\/\"}}]}<\/script>\n<!-- \/ Yoast SEO plugin. -->","yoast_head_json":{"title":"Sitemap - Dutch Plantin","robots":{"index":"index","follow":"follow","max-snippet":"max-snippet:-1","max-image-preview":"max-image-preview:large","max-video-preview":"max-video-preview:-1"},"canonical":"https:\/\/www.dutchplantin.com\/tr\/sitemap\/","og_locale":"tr_TR","og_type":"article","og_title":"Sitemap - Dutch Plantin","og_url":"https:\/\/www.dutchplantin.com\/tr\/sitemap\/","og_site_name":"Dutch Plantin","twitter_card":"summary_large_image","schema":{"@context":"https:\/\/schema.org","@graph":[{"@type":"WebPage","@id":"https:\/\/www.dutchplantin.com\/tr\/sitemap\/","url":"https:\/\/www.dutchplantin.com\/tr\/sitemap\/","name":"Sitemap - Dutch Plantin","isPartOf":{"@id":"https:\/\/www.dutchplantin.com\/tr\/#website"},"datePublished":"2024-06-13T13:03:50+00:00","breadcrumb":{"@id":"https:\/\/www.dutchplantin.com\/tr\/sitemap\/#breadcrumb"},"inLanguage":"tr","potentialAction":[{"@type":"ReadAction","target":["https:\/\/www.dutchplantin.com\/tr\/sitemap\/"]}]},{"@type":"BreadcrumbList","@id":"https:\/\/www.dutchplantin.com\/tr\/sitemap\/#breadcrumb","itemListElement":[{"@type":"ListItem","position":1,"name":"Home","item":"https:\/\/www.dutchplantin.com\/tr\/"},{"@type":"ListItem","position":2,"name":"Sitemap"}]},{"@type":"WebSite","@id":"https:\/\/www.dutchplantin.com\/tr\/#website","url":"https:\/\/www.dutchplantin.com\/tr\/","name":"Dutch Plantin","description":"","publisher":{"@id":"https:\/\/www.dutchplantin.com\/tr\/#organization"},"potentialAction":[{"@type":"SearchAction","target":{"@type":"EntryPoint","urlTemplate":"https:\/\/www.dutchplantin.com\/tr\/?s={search_term_string}"},"query-input":{"@type":"PropertyValueSpecification","valueRequired":true,"valueName":"search_term_string"}}],"inLanguage":"tr"},{"@type":"Organization","@id":"https:\/\/www.dutchplantin.com\/tr\/#organization","name":"DutchPlantin B.V.","url":"https:\/\/www.dutchplantin.com\/tr\/","logo":{"@type":"ImageObject","inLanguage":"tr","@id":"https:\/\/www.dutchplantin.com\/tr\/#\/schema\/logo\/image\/","url":"https:\/\/www.dutchplantin.com\/wp-content\/uploads\/2022\/02\/logo-2x.png","contentUrl":"https:\/\/www.dutchplantin.com\/wp-content\/uploads\/2022\/02\/logo-2x.png","width":750,"height":275,"caption":"DutchPlantin B.V."},"image":{"@id":"https:\/\/www.dutchplantin.com\/tr\/#\/schema\/logo\/image\/"}}]}},"_links":{"self":[{"href":"https:\/\/www.dutchplantin.com\/tr\/wp-json\/wp\/v2\/pages\/40000","targetHints":{"allow":["GET"]}}],"collection":[{"href":"https:\/\/www.dutchplantin.com\/tr\/wp-json\/wp\/v2\/pages"}],"about":[{"href":"https:\/\/www.dutchplantin.com\/tr\/wp-json\/wp\/v2\/types\/page"}],"author":[{"embeddable":true,"href":"https:\/\/www.dutchplantin.com\/tr\/wp-json\/wp\/v2\/users\/1"}],"replies":[{"embeddable":true,"href":"https:\/\/www.dutchplantin.com\/tr\/wp-json\/wp\/v2\/comments?post=40000"}],"version-history":[{"count":1,"href":"https:\/\/www.dutchplantin.com\/tr\/wp-json\/wp\/v2\/pages\/40000\/revisions"}],"predecessor-version":[{"id":40007,"href":"https:\/\/www.dutchplantin.com\/tr\/wp-json\/wp\/v2\/pages\/40000\/revisions\/40007"}],"wp:attachment":[{"href":"https:\/\/www.dutchplantin.com\/tr\/wp-json\/wp\/v2\/media?parent=40000"}],"curies":[{"name":"wp","href":"https:\/\/api.w.org\/{rel}","templated":true}]}}