{"id":39996,"date":"2024-06-13T15:03:48","date_gmt":"2024-06-13T13:03:48","guid":{"rendered":"https:\/\/www.dutchplantin.com\/?page_id=39996"},"modified":"2024-06-13T15:03:48","modified_gmt":"2024-06-13T13:03:48","slug":"sitemap","status":"publish","type":"page","link":"https:\/\/www.dutchplantin.com\/fr\/sitemap\/","title":{"rendered":"Sitemap"},"content":{"rendered":"<div class=\"wsp-container\"><h2 class=\"wsp-pages-title\">Pages<\/h2>\n<ul class=\"wsp-pages-list\">\n<li class=\"page_item page-item-38142 page_item_has_children\"><a href=\"https:\/\/www.dutchplantin.com\/fr\/a-propos-de-nous\/\">\u00c0 propos de nous<\/a>\n<ul class='children'>\n\t<li class=\"page_item page-item-38702\"><a href=\"https:\/\/www.dutchplantin.com\/fr\/a-propos-de-nous\/commencer-avec-les-substrats-de-coco\/\">Commencer avec les substrats de coco<\/a><\/li>\n\t<li class=\"page_item page-item-38413\"><a href=\"https:\/\/www.dutchplantin.com\/fr\/a-propos-de-nous\/de-la-noix-de-coco-a-la-matiere-premiere\/\">De la noix de coco \u00e0 la mati\u00e8re premi\u00e8re<\/a><\/li>\n\t<li class=\"page_item page-item-38166\"><a href=\"https:\/\/www.dutchplantin.com\/fr\/a-propos-de-nous\/innovators-in-growth\/\">Innovators in growth<\/a><\/li>\n\t<li class=\"page_item page-item-38190\"><a href=\"https:\/\/www.dutchplantin.com\/fr\/a-propos-de-nous\/investors-in-life\/\">Investors in life<\/a><\/li>\n\t<li class=\"page_item page-item-40414\"><a href=\"https:\/\/www.dutchplantin.com\/fr\/a-propos-de-nous\/notre-histoire\/\">Notre histoire<\/a><\/li>\n\t<li class=\"page_item page-item-38363\"><a href=\"https:\/\/www.dutchplantin.com\/fr\/a-propos-de-nous\/notre-histoire-old\/\">Notre histoire (old)<\/a><\/li>\n\t<li class=\"page_item page-item-38678\"><a href=\"https:\/\/www.dutchplantin.com\/fr\/a-propos-de-nous\/processus-de-production\/\">Processus de production<\/a><\/li>\n\t<li class=\"page_item page-item-38389\"><a href=\"https:\/\/www.dutchplantin.com\/fr\/a-propos-de-nous\/qualite-et-certification\/\">Qualit\u00e9 et certification<\/a><\/li>\n<\/ul>\n<\/li>\n<li class=\"page_item page-item-36415\"><a href=\"https:\/\/www.dutchplantin.com\/fr\/nouvelles\/\">Actualit\u00e9s<\/a><\/li>\n<li class=\"page_item page-item-38435 page_item_has_children\"><a href=\"https:\/\/www.dutchplantin.com\/fr\/applications\/\">Applications<\/a>\n<ul class='children'>\n\t<li class=\"page_item page-item-38533\"><a href=\"https:\/\/www.dutchplantin.com\/fr\/applications\/baies\/\">Baies<\/a><\/li>\n\t<li class=\"page_item page-item-38459\"><a href=\"https:\/\/www.dutchplantin.com\/fr\/applications\/fleurs\/\">Fleurs<\/a><\/li>\n\t<li class=\"page_item page-item-38484\"><a href=\"https:\/\/www.dutchplantin.com\/fr\/applications\/legumes\/\">L\u00e9gumes<\/a><\/li>\n\t<li class=\"page_item page-item-38508\"><a href=\"https:\/\/www.dutchplantin.com\/fr\/applications\/plantes\/\">Plantes<\/a><\/li>\n<\/ul>\n<\/li>\n<li class=\"page_item page-item-37962\"><a href=\"https:\/\/www.dutchplantin.com\/fr\/clause-de-non-responsabilite\/\">Clause de non-responsabilit\u00e9<\/a><\/li>\n<li class=\"page_item page-item-38024 page_item_has_children\"><a href=\"https:\/\/www.dutchplantin.com\/fr\/clients\/\">Clients<\/a>\n<ul class='children'>\n\t<li class=\"page_item page-item-38118\"><a href=\"https:\/\/www.dutchplantin.com\/fr\/clients\/entreprises-de-culture\/\">Entreprises de culture<\/a><\/li>\n\t<li class=\"page_item page-item-38094\"><a href=\"https:\/\/www.dutchplantin.com\/fr\/clients\/fournisseurs-de-terreau\/\">Fournisseurs de terreau<\/a><\/li>\n\t<li class=\"page_item page-item-38070\"><a href=\"https:\/\/www.dutchplantin.com\/fr\/clients\/partenaires-de-distribution\/\">Partenaires de distribution<\/a><\/li>\n<\/ul>\n<\/li>\n<li class=\"page_item page-item-37944\"><a href=\"https:\/\/www.dutchplantin.com\/fr\/contact\/\">Contact<\/a><\/li>\n<li class=\"page_item page-item-38605 page_item_has_children\"><a href=\"https:\/\/www.dutchplantin.com\/fr\/des-produits\/\">Des produits<\/a>\n<ul class='children'>\n\t<li class=\"page_item page-item-38629\"><a href=\"https:\/\/www.dutchplantin.com\/fr\/des-produits\/blocks-and-briquettes\/\">Blocks and briquettes<\/a><\/li>\n\t<li class=\"page_item page-item-38654\"><a href=\"https:\/\/www.dutchplantin.com\/fr\/des-produits\/sacs-de-culture\/\">Sacs de culture<\/a><\/li>\n<\/ul>\n<\/li>\n<li class=\"page_item page-item-37876\"><a href=\"https:\/\/www.dutchplantin.com\/fr\/faq\/\">FAQ<\/a><\/li>\n<li class=\"page_item page-item-39731\"><a href=\"https:\/\/www.dutchplantin.com\/fr\/fibre-de-coco\/\">Fibre de coco<\/a><\/li>\n<li class=\"page_item page-item-37850\"><a href=\"https:\/\/www.dutchplantin.com\/fr\/\">Home<\/a><\/li>\n<li class=\"page_item page-item-39975\"><a href=\"https:\/\/www.dutchplantin.com\/fr\/blocs-de-coco\/\">Kokos blokken<\/a><\/li>\n<li class=\"page_item page-item-40139\"><a href=\"https:\/\/www.dutchplantin.com\/fr\/kokospotgrond\/\">Kokospotgrond<\/a><\/li>\n<li class=\"page_item page-item-40784\"><a href=\"https:\/\/www.dutchplantin.com\/fr\/planches-de-coco-et-briquettes-de-coco\/\">Planches de coco et briquettes de coco<\/a><\/li>\n<li class=\"page_item page-item-37983\"><a href=\"https:\/\/www.dutchplantin.com\/fr\/politique-de-confidentialite\/\">Politique de confidentialite<\/a><\/li>\n<li class=\"page_item page-item-39996\"><a href=\"https:\/\/www.dutchplantin.com\/fr\/sitemap\/\">Sitemap<\/a><\/li>\n<li class=\"page_item page-item-38736\"><a href=\"https:\/\/www.dutchplantin.com\/fr\/travailler-a-un-monde-meilleur\/\">Travailler \u00e0 un monde meilleur<\/a><\/li>\n<\/ul>\n<\/div>\n","protected":false},"excerpt":{"rendered":"Pages \u00c0 propos de nous Commencer avec les substrats de coco De la noix de coco \u00e0 la mati\u00e8re premi\u00e8re Innovators in growth Investors in life Notre histoire Notre histoire...","protected":false},"author":1,"featured_media":0,"parent":0,"menu_order":0,"comment_status":"closed","ping_status":"closed","template":"","meta":{"footnotes":""},"class_list":["post-39996","page","type-page","status-publish"],"yoast_head":"<!-- This site is optimized with the Yoast SEO plugin v27.5 - https:\/\/yoast.com\/product\/yoast-seo-wordpress\/ -->\n<title>Sitemap - Dutch Plantin<\/title>\n<meta name=\"robots\" content=\"index, follow, max-snippet:-1, max-image-preview:large, max-video-preview:-1\" \/>\n<link rel=\"canonical\" href=\"https:\/\/www.dutchplantin.com\/fr\/sitemap\/\" \/>\n<meta property=\"og:locale\" content=\"fr_FR\" \/>\n<meta property=\"og:type\" content=\"article\" \/>\n<meta property=\"og:title\" content=\"Sitemap - Dutch Plantin\" \/>\n<meta property=\"og:url\" content=\"https:\/\/www.dutchplantin.com\/fr\/sitemap\/\" \/>\n<meta property=\"og:site_name\" content=\"Dutch Plantin\" \/>\n<meta name=\"twitter:card\" content=\"summary_large_image\" \/>\n<meta name=\"twitter:label1\" content=\"Dur\u00e9e de lecture estim\u00e9e\" \/>\n\t<meta name=\"twitter:data1\" content=\"1 minute\" \/>\n<script type=\"application\/ld+json\" class=\"yoast-schema-graph\">{\"@context\":\"https:\\\/\\\/schema.org\",\"@graph\":[{\"@type\":\"WebPage\",\"@id\":\"https:\\\/\\\/www.dutchplantin.com\\\/fr\\\/sitemap\\\/\",\"url\":\"https:\\\/\\\/www.dutchplantin.com\\\/fr\\\/sitemap\\\/\",\"name\":\"Sitemap - Dutch Plantin\",\"isPartOf\":{\"@id\":\"https:\\\/\\\/www.dutchplantin.com\\\/fr\\\/#website\"},\"datePublished\":\"2024-06-13T13:03:48+00:00\",\"breadcrumb\":{\"@id\":\"https:\\\/\\\/www.dutchplantin.com\\\/fr\\\/sitemap\\\/#breadcrumb\"},\"inLanguage\":\"fr-FR\",\"potentialAction\":[{\"@type\":\"ReadAction\",\"target\":[\"https:\\\/\\\/www.dutchplantin.com\\\/fr\\\/sitemap\\\/\"]}]},{\"@type\":\"BreadcrumbList\",\"@id\":\"https:\\\/\\\/www.dutchplantin.com\\\/fr\\\/sitemap\\\/#breadcrumb\",\"itemListElement\":[{\"@type\":\"ListItem\",\"position\":1,\"name\":\"Home\",\"item\":\"https:\\\/\\\/www.dutchplantin.com\\\/fr\\\/\"},{\"@type\":\"ListItem\",\"position\":2,\"name\":\"Sitemap\"}]},{\"@type\":\"WebSite\",\"@id\":\"https:\\\/\\\/www.dutchplantin.com\\\/fr\\\/#website\",\"url\":\"https:\\\/\\\/www.dutchplantin.com\\\/fr\\\/\",\"name\":\"Dutch Plantin\",\"description\":\"\",\"publisher\":{\"@id\":\"https:\\\/\\\/www.dutchplantin.com\\\/fr\\\/#organization\"},\"potentialAction\":[{\"@type\":\"SearchAction\",\"target\":{\"@type\":\"EntryPoint\",\"urlTemplate\":\"https:\\\/\\\/www.dutchplantin.com\\\/fr\\\/?s={search_term_string}\"},\"query-input\":{\"@type\":\"PropertyValueSpecification\",\"valueRequired\":true,\"valueName\":\"search_term_string\"}}],\"inLanguage\":\"fr-FR\"},{\"@type\":\"Organization\",\"@id\":\"https:\\\/\\\/www.dutchplantin.com\\\/fr\\\/#organization\",\"name\":\"DutchPlantin B.V.\",\"url\":\"https:\\\/\\\/www.dutchplantin.com\\\/fr\\\/\",\"logo\":{\"@type\":\"ImageObject\",\"inLanguage\":\"fr-FR\",\"@id\":\"https:\\\/\\\/www.dutchplantin.com\\\/fr\\\/#\\\/schema\\\/logo\\\/image\\\/\",\"url\":\"https:\\\/\\\/www.dutchplantin.com\\\/wp-content\\\/uploads\\\/2022\\\/02\\\/logo-2x.png\",\"contentUrl\":\"https:\\\/\\\/www.dutchplantin.com\\\/wp-content\\\/uploads\\\/2022\\\/02\\\/logo-2x.png\",\"width\":750,\"height\":275,\"caption\":\"DutchPlantin B.V.\"},\"image\":{\"@id\":\"https:\\\/\\\/www.dutchplantin.com\\\/fr\\\/#\\\/schema\\\/logo\\\/image\\\/\"}}]}<\/script>\n<!-- \/ Yoast SEO plugin. -->","yoast_head_json":{"title":"Sitemap - Dutch Plantin","robots":{"index":"index","follow":"follow","max-snippet":"max-snippet:-1","max-image-preview":"max-image-preview:large","max-video-preview":"max-video-preview:-1"},"canonical":"https:\/\/www.dutchplantin.com\/fr\/sitemap\/","og_locale":"fr_FR","og_type":"article","og_title":"Sitemap - Dutch Plantin","og_url":"https:\/\/www.dutchplantin.com\/fr\/sitemap\/","og_site_name":"Dutch Plantin","twitter_card":"summary_large_image","twitter_misc":{"Dur\u00e9e de lecture estim\u00e9e":"1 minute"},"schema":{"@context":"https:\/\/schema.org","@graph":[{"@type":"WebPage","@id":"https:\/\/www.dutchplantin.com\/fr\/sitemap\/","url":"https:\/\/www.dutchplantin.com\/fr\/sitemap\/","name":"Sitemap - Dutch Plantin","isPartOf":{"@id":"https:\/\/www.dutchplantin.com\/fr\/#website"},"datePublished":"2024-06-13T13:03:48+00:00","breadcrumb":{"@id":"https:\/\/www.dutchplantin.com\/fr\/sitemap\/#breadcrumb"},"inLanguage":"fr-FR","potentialAction":[{"@type":"ReadAction","target":["https:\/\/www.dutchplantin.com\/fr\/sitemap\/"]}]},{"@type":"BreadcrumbList","@id":"https:\/\/www.dutchplantin.com\/fr\/sitemap\/#breadcrumb","itemListElement":[{"@type":"ListItem","position":1,"name":"Home","item":"https:\/\/www.dutchplantin.com\/fr\/"},{"@type":"ListItem","position":2,"name":"Sitemap"}]},{"@type":"WebSite","@id":"https:\/\/www.dutchplantin.com\/fr\/#website","url":"https:\/\/www.dutchplantin.com\/fr\/","name":"Dutch Plantin","description":"","publisher":{"@id":"https:\/\/www.dutchplantin.com\/fr\/#organization"},"potentialAction":[{"@type":"SearchAction","target":{"@type":"EntryPoint","urlTemplate":"https:\/\/www.dutchplantin.com\/fr\/?s={search_term_string}"},"query-input":{"@type":"PropertyValueSpecification","valueRequired":true,"valueName":"search_term_string"}}],"inLanguage":"fr-FR"},{"@type":"Organization","@id":"https:\/\/www.dutchplantin.com\/fr\/#organization","name":"DutchPlantin B.V.","url":"https:\/\/www.dutchplantin.com\/fr\/","logo":{"@type":"ImageObject","inLanguage":"fr-FR","@id":"https:\/\/www.dutchplantin.com\/fr\/#\/schema\/logo\/image\/","url":"https:\/\/www.dutchplantin.com\/wp-content\/uploads\/2022\/02\/logo-2x.png","contentUrl":"https:\/\/www.dutchplantin.com\/wp-content\/uploads\/2022\/02\/logo-2x.png","width":750,"height":275,"caption":"DutchPlantin B.V."},"image":{"@id":"https:\/\/www.dutchplantin.com\/fr\/#\/schema\/logo\/image\/"}}]}},"_links":{"self":[{"href":"https:\/\/www.dutchplantin.com\/fr\/wp-json\/wp\/v2\/pages\/39996","targetHints":{"allow":["GET"]}}],"collection":[{"href":"https:\/\/www.dutchplantin.com\/fr\/wp-json\/wp\/v2\/pages"}],"about":[{"href":"https:\/\/www.dutchplantin.com\/fr\/wp-json\/wp\/v2\/types\/page"}],"author":[{"embeddable":true,"href":"https:\/\/www.dutchplantin.com\/fr\/wp-json\/wp\/v2\/users\/1"}],"replies":[{"embeddable":true,"href":"https:\/\/www.dutchplantin.com\/fr\/wp-json\/wp\/v2\/comments?post=39996"}],"version-history":[{"count":1,"href":"https:\/\/www.dutchplantin.com\/fr\/wp-json\/wp\/v2\/pages\/39996\/revisions"}],"predecessor-version":[{"id":40003,"href":"https:\/\/www.dutchplantin.com\/fr\/wp-json\/wp\/v2\/pages\/39996\/revisions\/40003"}],"wp:attachment":[{"href":"https:\/\/www.dutchplantin.com\/fr\/wp-json\/wp\/v2\/media?parent=39996"}],"curies":[{"name":"wp","href":"https:\/\/api.w.org\/{rel}","templated":true}]}}